{"id":1172,"date":"2026-02-08T19:41:05","date_gmt":"2026-02-08T18:41:05","guid":{"rendered":"http:\/\/localhost:8080\/?post_type=product&#038;p=1172"},"modified":"2026-02-09T17:12:44","modified_gmt":"2026-02-09T16:12:44","slug":"holochef-tandoor-fx","status":"publish","type":"product","link":"https:\/\/www.holochef.labo.infochartreux.fr\/?product=holochef-tandoor-fx","title":{"rendered":"HoloChef Tandoor FX"},"content":{"rendered":"<h2 data-start=\"198\" data-end=\"253\">HoloTandoor FX \u2013 Tradition R\u00e9invent\u00e9e en Hologrammes<\/h2>\n<p data-start=\"576\" data-end=\"786\">Con\u00e7ue pour une <strong data-start=\"592\" data-end=\"627\">exp\u00e9rience sensorielle compl\u00e8te<\/strong>, elle combine chaleur ma\u00eetris\u00e9e, cuisson en profondeur et <strong data-start=\"686\" data-end=\"731\">animations holographiques des ingr\u00e9dients<\/strong>, pour \u00e9lever la gastronomie vers de nouveaux horizons.<\/p>\n<h3 data-start=\"788\" data-end=\"822\">Caract\u00e9ristiques principales :<\/h3>\n<ul data-start=\"823\" data-end=\"1126\">\n<li data-start=\"823\" data-end=\"879\">\n<p data-start=\"825\" data-end=\"879\">F\u00fbt cylindrique rappelant un four tandoori classique<\/p>\n<\/li>\n<li data-start=\"880\" data-end=\"940\">\n<p data-start=\"882\" data-end=\"940\">Cuve de cuisson lente int\u00e9rieure (profonde et thermique)<\/p>\n<\/li>\n<li data-start=\"941\" data-end=\"996\">\n<p data-start=\"943\" data-end=\"996\">Projection holographique d\u2019\u00e9pices, ar\u00f4mes et fum\u00e9es<\/p>\n<\/li>\n<li data-start=\"997\" data-end=\"1046\">\n<p data-start=\"999\" data-end=\"1046\">Effets lumineux et visuels pendant la cuisson<\/p>\n<\/li>\n<li data-start=\"1047\" data-end=\"1126\">\n<p data-start=\"1049\" data-end=\"1126\">Interface tactile discr\u00e8te, finitions artisanales-tech (terre cuite ou m\u00e9tal)<\/p>\n<\/li>\n<\/ul>\n<h3 data-start=\"1128\" data-end=\"1145\">Id\u00e9ale pour :<\/h3>\n<ul data-start=\"1146\" data-end=\"1345\">\n<li data-start=\"1146\" data-end=\"1205\">\n<p data-start=\"1148\" data-end=\"1205\">Restaurants d\u2019inspiration indienne, orientale ou fusion<\/p>\n<\/li>\n<li data-start=\"1206\" data-end=\"1246\">\n<p data-start=\"1208\" data-end=\"1246\">Cuisines ouvertes avec mise en sc\u00e8ne<\/p>\n<\/li>\n<li data-start=\"1247\" data-end=\"1284\">\n<p data-start=\"1249\" data-end=\"1284\">Exp\u00e9riences culinaires immersives<\/p>\n<\/li>\n<li data-start=\"1285\" data-end=\"1345\">\n<p data-start=\"1287\" data-end=\"1345\">\u00c9v\u00e9nements ou ateliers de cuisine traditionnelle augment\u00e9e<\/p>\n<\/li>\n<\/ul>\n<p data-start=\"1347\" data-end=\"1460\"><strong data-start=\"1347\" data-end=\"1406\">Un hommage visuel et technique \u00e0 la cuisson ancestrale.<\/strong><br data-start=\"1406\" data-end=\"1409\" \/>Avec HoloTandoor FX, chaque plat devient un rituel.<\/p>\n","protected":false},"excerpt":{"rendered":"<p>La <strong data-start=\"258\" data-end=\"276\">HoloTandoor FX<\/strong> fait le lien entre les <strong data-start=\"300\" data-end=\"338\">savoir-faire culinaires ancestraux<\/strong> et la <strong data-start=\"345\" data-end=\"382\">technologie holographique moderne<\/strong>. Inspir\u00e9e des c\u00e9l\u00e8bres fours tandoori, cette machine de cuisson lente profonde int\u00e8gre un <strong data-start=\"473\" data-end=\"501\">syst\u00e8me de projection 3D<\/strong> qui <strong data-start=\"506\" data-end=\"550\">visualise les \u00e9pices, ar\u00f4mes et textures<\/strong> pendant la pr\u00e9paration.<\/p>\n","protected":false},"featured_media":1173,"comment_status":"open","ping_status":"closed","template":"","meta":[],"product_brand":[],"product_cat":[36,39],"product_tag":[],"class_list":{"0":"post-1172","1":"product","2":"type-product","3":"status-publish","4":"has-post-thumbnail","6":"product_cat-professionnelle","7":"product_cat-specialises","9":"first","10":"instock","11":"shipping-taxable","12":"purchasable","13":"product-type-simple"},"_links":{"self":[{"href":"https:\/\/www.holochef.labo.infochartreux.fr\/index.php?rest_route=\/wp\/v2\/product\/1172","targetHints":{"allow":["GET"]}}],"collection":[{"href":"https:\/\/www.holochef.labo.infochartreux.fr\/index.php?rest_route=\/wp\/v2\/product"}],"about":[{"href":"https:\/\/www.holochef.labo.infochartreux.fr\/index.php?rest_route=\/wp\/v2\/types\/product"}],"replies":[{"embeddable":true,"href":"https:\/\/www.holochef.labo.infochartreux.fr\/index.php?rest_route=%2Fwp%2Fv2%2Fcomments&post=1172"}],"wp:featuredmedia":[{"embeddable":true,"href":"https:\/\/www.holochef.labo.infochartreux.fr\/index.php?rest_route=\/wp\/v2\/media\/1173"}],"wp:attachment":[{"href":"https:\/\/www.holochef.labo.infochartreux.fr\/index.php?rest_route=%2Fwp%2Fv2%2Fmedia&parent=1172"}],"wp:term":[{"taxonomy":"product_brand","embeddable":true,"href":"https:\/\/www.holochef.labo.infochartreux.fr\/index.php?rest_route=%2Fwp%2Fv2%2Fproduct_brand&post=1172"},{"taxonomy":"product_cat","embeddable":true,"href":"https:\/\/www.holochef.labo.infochartreux.fr\/index.php?rest_route=%2Fwp%2Fv2%2Fproduct_cat&post=1172"},{"taxonomy":"product_tag","embeddable":true,"href":"https:\/\/www.holochef.labo.infochartreux.fr\/index.php?rest_route=%2Fwp%2Fv2%2Fproduct_tag&post=1172"}],"curies":[{"name":"wp","href":"https:\/\/api.w.org\/{rel}","templated":true}]}}