{"id":1159,"date":"2026-02-08T16:22:47","date_gmt":"2026-02-08T15:22:47","guid":{"rendered":"http:\/\/localhost:8080\/?post_type=product&#038;p=1159"},"modified":"2026-02-09T17:16:58","modified_gmt":"2026-02-09T16:16:58","slug":"holochef-station","status":"publish","type":"product","link":"https:\/\/www.holochef.labo.infochartreux.fr\/?product=holochef-station","title":{"rendered":"Holochef Station"},"content":{"rendered":"<h2 data-start=\"102\" data-end=\"161\">HoloChef Station \u2013 La R\u00e9volution Culinaire Holographique<\/h2>\n<p data-start=\"349\" data-end=\"615\">Dot\u00e9e de <strong data-start=\"358\" data-end=\"390\">bras robotiques synchronis\u00e9s<\/strong>, d\u2019un <strong data-start=\"397\" data-end=\"431\">projecteur 3D haute d\u00e9finition<\/strong> et d\u2019une interface tactile intuitive, cette machine permet de <strong data-start=\"494\" data-end=\"532\">visualiser vos plats en hologramme<\/strong> pendant leur pr\u00e9paration \u2014 pour une exp\u00e9rience aussi spectaculaire que savoureuse.<\/p>\n<h3 data-start=\"617\" data-end=\"651\">Caract\u00e9ristiques principales :<\/h3>\n<ul data-start=\"652\" data-end=\"976\">\n<li data-start=\"652\" data-end=\"717\">\n<p data-start=\"654\" data-end=\"717\">Projection holographique r\u00e9aliste du plat en cours de cuisson<\/p>\n<\/li>\n<li data-start=\"718\" data-end=\"789\">\n<p data-start=\"720\" data-end=\"789\">Deux bras robotiques en acier chirurgical pour manipulation pr\u00e9cise<\/p>\n<\/li>\n<li data-start=\"790\" data-end=\"857\">\n<p data-start=\"792\" data-end=\"857\">Cuisson lente intelligente avec contr\u00f4le de temp\u00e9rature int\u00e9gr\u00e9<\/p>\n<\/li>\n<li data-start=\"858\" data-end=\"904\">\n<p data-start=\"860\" data-end=\"904\">\u00c9clairage LED ambiant et capteurs gestuels<\/p>\n<\/li>\n<li data-start=\"905\" data-end=\"976\">\n<p data-start=\"907\" data-end=\"976\">Design compact, \u00e9l\u00e9gant, facile \u00e0 int\u00e9grer dans une cuisine moderne<\/p>\n<\/li>\n<\/ul>\n<h3 data-start=\"978\" data-end=\"995\">Id\u00e9ale pour :<\/h3>\n<ul data-start=\"996\" data-end=\"1177\">\n<li data-start=\"996\" data-end=\"1072\">\n<p data-start=\"998\" data-end=\"1072\">Restaurants innovants, d\u00e9monstrations culinaires, cuisines d\u2019avant-garde<\/p>\n<\/li>\n<li data-start=\"1073\" data-end=\"1125\">\n<p data-start=\"1075\" data-end=\"1125\">Cr\u00e9ateurs de contenu food, gastronomie immersive<\/p>\n<\/li>\n<li data-start=\"1126\" data-end=\"1177\">\n<p data-start=\"1128\" data-end=\"1177\">Concepts culinaires futuristes et exp\u00e9rientiels<\/p>\n<\/li>\n<\/ul>\n<p data-start=\"1179\" data-end=\"1252\"><strong data-start=\"1179\" data-end=\"1252\">Fusionnez art, technologie et gastronomie. Cr\u00e9ez, affichez, d\u00e9gustez.<\/strong><\/p>\n","protected":false},"excerpt":{"rendered":"<p>Offrez \u00e0 votre cuisine une nouvelle dimension avec la <strong data-start=\"217\" data-end=\"237\">HoloChef Station<\/strong>, la toute premi\u00e8re station culinaire alliant <strong data-start=\"283\" data-end=\"312\">technologie holographique<\/strong> et <strong data-start=\"316\" data-end=\"346\">cuisson lente intelligente<\/strong>.<\/p>\n","protected":false},"featured_media":1160,"comment_status":"open","ping_status":"closed","template":"","meta":[],"product_brand":[],"product_cat":[37,36],"product_tag":[],"class_list":{"0":"post-1159","1":"product","2":"type-product","3":"status-publish","4":"has-post-thumbnail","6":"product_cat-domestique","7":"product_cat-professionnelle","9":"first","10":"instock","11":"shipping-taxable","12":"purchasable","13":"product-type-simple"},"_links":{"self":[{"href":"https:\/\/www.holochef.labo.infochartreux.fr\/index.php?rest_route=\/wp\/v2\/product\/1159","targetHints":{"allow":["GET"]}}],"collection":[{"href":"https:\/\/www.holochef.labo.infochartreux.fr\/index.php?rest_route=\/wp\/v2\/product"}],"about":[{"href":"https:\/\/www.holochef.labo.infochartreux.fr\/index.php?rest_route=\/wp\/v2\/types\/product"}],"replies":[{"embeddable":true,"href":"https:\/\/www.holochef.labo.infochartreux.fr\/index.php?rest_route=%2Fwp%2Fv2%2Fcomments&post=1159"}],"wp:featuredmedia":[{"embeddable":true,"href":"https:\/\/www.holochef.labo.infochartreux.fr\/index.php?rest_route=\/wp\/v2\/media\/1160"}],"wp:attachment":[{"href":"https:\/\/www.holochef.labo.infochartreux.fr\/index.php?rest_route=%2Fwp%2Fv2%2Fmedia&parent=1159"}],"wp:term":[{"taxonomy":"product_brand","embeddable":true,"href":"https:\/\/www.holochef.labo.infochartreux.fr\/index.php?rest_route=%2Fwp%2Fv2%2Fproduct_brand&post=1159"},{"taxonomy":"product_cat","embeddable":true,"href":"https:\/\/www.holochef.labo.infochartreux.fr\/index.php?rest_route=%2Fwp%2Fv2%2Fproduct_cat&post=1159"},{"taxonomy":"product_tag","embeddable":true,"href":"https:\/\/www.holochef.labo.infochartreux.fr\/index.php?rest_route=%2Fwp%2Fv2%2Fproduct_tag&post=1159"}],"curies":[{"name":"wp","href":"https:\/\/api.w.org\/{rel}","templated":true}]}}